
{"id":763,"date":"2025-06-03T15:37:11","date_gmt":"2025-06-03T15:37:11","guid":{"rendered":"https:\/\/kastagarlic.com\/?post_type=product&#038;p=763"},"modified":"2026-03-16T08:39:46","modified_gmt":"2026-03-16T08:39:46","slug":"sarvita-ezilmis-sarimsak-dondurulmus-200g","status":"publish","type":"product","link":"https:\/\/kastagarlic.com\/en\/product\/sarvita-ezilmis-sarimsak-dondurulmus-200g\/","title":{"rendered":"Sarvita Ezilmi\u015f Sar\u0131msak \u2013 Dondurulmu\u015f 200g"},"content":{"rendered":"<p data-start=\"207\" data-end=\"423\">Lezzeti dondurduk! \ud83c\udf31<br data-start=\"228\" data-end=\"231\" \/><strong data-start=\"231\" data-end=\"259\">Sarvita Ezilmi\u015f Sar\u0131msak<\/strong>, yo\u011fun sar\u0131msak aromas\u0131n\u0131 pratik k\u00fcplerle mutfa\u011f\u0131n\u0131za getiriyor. Her biri yakla\u015f\u0131k <strong data-start=\"343\" data-end=\"382\">2 di\u015f sar\u0131msa\u011fa e\u015fde\u011fer olan 33 k\u00fcp<\/strong>, yemeklerinize kolayl\u0131kla eklenebilir.<\/p>\n<p data-start=\"425\" data-end=\"572\">\u2705 <strong data-start=\"427\" data-end=\"440\">Gl\u00fctensiz<\/strong><br data-start=\"440\" data-end=\"443\" \/>\u2705 Koruyucu i\u00e7ermez<br data-start=\"461\" data-end=\"464\" \/>\u2705 Koyu renklendirici i\u00e7ermez<br data-start=\"492\" data-end=\"495\" \/>\u2705 %100 do\u011fal i\u00e7erik<br data-start=\"514\" data-end=\"517\" \/>\u2705 Pratik ve h\u0131zl\u0131 kullan\u0131m<br data-start=\"543\" data-end=\"546\" \/>\u2705 200g &#8211; dondurulmu\u015f halde<\/p>\n<p data-start=\"574\" data-end=\"704\">\u0130ster \u00e7orbalarda, ister soslarda veya ana yemeklerde kullan\u0131n; <strong data-start=\"637\" data-end=\"648\">Sarvita<\/strong> ile yemeklerinize lezzet katmak art\u0131k \u00e7ok daha kolay.<\/p>\n<p data-start=\"706\" data-end=\"898\">\ud83d\udce6 <strong data-start=\"709\" data-end=\"729\">Ambalaj Bilgisi:<\/strong> Aluminyum po\u015fet i\u00e7erisinde hijyenik ve uzun \u00f6m\u00fcrl\u00fc saklama.<br data-start=\"789\" data-end=\"792\" \/>\ud83c\udf74 <strong data-start=\"795\" data-end=\"815\">T\u00fcketim \u00d6nerisi:<\/strong> Gereken miktarda k\u00fcp\u00fc \u00e7\u0131kar\u0131p direkt olarak pi\u015firme esnas\u0131nda kullanabilirsiniz.<\/p>","protected":false},"excerpt":{"rendered":"<p>We\u2019ve frozen the flavor! \ud83c\udf3f<br data-start=\"224\" data-end=\"227\" \/><strong data-start=\"227\" data-end=\"253\">Sarvita Crushed Garlic<\/strong> brings rich garlic aroma to your kitchen in convenient frozen cubes. Each cube is equivalent to approximately <strong data-start=\"364\" data-end=\"386\">2 cloves of garlic<\/strong>, and the pack contains <strong data-start=\"410\" data-end=\"422\">33 cubes<\/strong> \u2013 ready to elevate your dishes effortlessly.<\/p>","protected":false},"featured_media":764,"comment_status":"open","ping_status":"closed","template":"","meta":[],"product_cat":[15],"product_tag":[],"class_list":["post-763","product","type-product","status-publish","has-post-thumbnail","hentry","product_cat-uncategorized"],"aioseo_notices":[],"_links":{"self":[{"href":"https:\/\/kastagarlic.com\/en\/wp-json\/wp\/v2\/product\/763","targetHints":{"allow":["GET"]}}],"collection":[{"href":"https:\/\/kastagarlic.com\/en\/wp-json\/wp\/v2\/product"}],"about":[{"href":"https:\/\/kastagarlic.com\/en\/wp-json\/wp\/v2\/types\/product"}],"replies":[{"embeddable":true,"href":"https:\/\/kastagarlic.com\/en\/wp-json\/wp\/v2\/comments?post=763"}],"wp:featuredmedia":[{"embeddable":true,"href":"https:\/\/kastagarlic.com\/en\/wp-json\/wp\/v2\/media\/764"}],"wp:attachment":[{"href":"https:\/\/kastagarlic.com\/en\/wp-json\/wp\/v2\/media?parent=763"}],"wp:term":[{"taxonomy":"product_cat","embeddable":true,"href":"https:\/\/kastagarlic.com\/en\/wp-json\/wp\/v2\/product_cat?post=763"},{"taxonomy":"product_tag","embeddable":true,"href":"https:\/\/kastagarlic.com\/en\/wp-json\/wp\/v2\/product_tag?post=763"}],"curies":[{"name":"wp","href":"https:\/\/api.w.org\/{rel}","templated":true}]}}