
{"id":340,"date":"2022-09-26T10:49:58","date_gmt":"2022-09-26T10:49:58","guid":{"rendered":"https:\/\/kastagarlic.com\/?post_type=product&#038;p=340"},"modified":"2026-01-16T20:59:43","modified_gmt":"2026-01-16T20:59:43","slug":"dilimlenmis-kurutulmus-sarimsak","status":"publish","type":"product","link":"https:\/\/kastagarlic.com\/en\/product\/dilimlenmis-kurutulmus-sarimsak\/","title":{"rendered":"Dried Sliced Garlic"},"content":{"rendered":"<p>Kurutulmu\u015f sar\u0131msa\u011f\u0131\u00a0\u00e7orbalarda, bulgur, pilavlarda, et, tavuk, bal\u0131k ve \u00e7i\u011f k\u00f6fte har\u00e7lar\u0131nda, makarna, mant\u0131, eri\u015fte hamurlar\u0131nda kullanabilirsiniz.<\/p>","protected":false},"excerpt":{"rendered":"<p>Kurutulmu\u015f sar\u0131msa\u011f\u0131\u00a0\u00e7orbalarda, bulgur, pilavlarda, et, tavuk, bal\u0131k ve \u00e7i\u011f k\u00f6fte har\u00e7lar\u0131nda, makarna, mant\u0131, eri\u015fte hamurlar\u0131nda kullanabilirsiniz.<\/p>","protected":false},"featured_media":341,"comment_status":"open","ping_status":"closed","template":"","meta":[],"product_cat":[69],"product_tag":[],"class_list":["post-340","product","type-product","status-publish","has-post-thumbnail","hentry","product_cat-urunler","pa_boyut-350gr","pa_boyut-500gr","pa_boyut-1kg","pa_boyut-10kg"],"aioseo_notices":[],"_links":{"self":[{"href":"https:\/\/kastagarlic.com\/en\/wp-json\/wp\/v2\/product\/340","targetHints":{"allow":["GET"]}}],"collection":[{"href":"https:\/\/kastagarlic.com\/en\/wp-json\/wp\/v2\/product"}],"about":[{"href":"https:\/\/kastagarlic.com\/en\/wp-json\/wp\/v2\/types\/product"}],"replies":[{"embeddable":true,"href":"https:\/\/kastagarlic.com\/en\/wp-json\/wp\/v2\/comments?post=340"}],"wp:featuredmedia":[{"embeddable":true,"href":"https:\/\/kastagarlic.com\/en\/wp-json\/wp\/v2\/media\/341"}],"wp:attachment":[{"href":"https:\/\/kastagarlic.com\/en\/wp-json\/wp\/v2\/media?parent=340"}],"wp:term":[{"taxonomy":"product_cat","embeddable":true,"href":"https:\/\/kastagarlic.com\/en\/wp-json\/wp\/v2\/product_cat?post=340"},{"taxonomy":"product_tag","embeddable":true,"href":"https:\/\/kastagarlic.com\/en\/wp-json\/wp\/v2\/product_tag?post=340"}],"curies":[{"name":"wp","href":"https:\/\/api.w.org\/{rel}","templated":true}]}}