
{"id":334,"date":"2022-09-26T10:48:56","date_gmt":"2022-09-26T10:48:56","guid":{"rendered":"https:\/\/kastagarlic.com\/?post_type=product&#038;p=334"},"modified":"2025-10-05T11:03:33","modified_gmt":"2025-10-05T11:03:33","slug":"file-taskopru-sarimsagi","status":"publish","type":"product","link":"https:\/\/kastagarlic.com\/en\/product\/file-taskopru-sarimsagi\/","title":{"rendered":"File Ta\u015fk\u00f6pr\u00fc Sar\u0131msa\u011f\u0131"},"content":{"rendered":"<p>Sar\u0131msak \u00f6zg\u00fcn tad\u0131 ve kokusu ile T\u00fcrk mutfa\u011f\u0131nda s\u0131kl\u0131kla kullan\u0131l\u0131r. \u00c7i\u011f olarak ya da pi\u015firilerek t\u00fcketilen sar\u0131msak, neredeyse t\u00fcm yemeklerin vazge\u00e7ilmezidir. Y\u00f6resel yemeklere, mezelere, \u00e7orbalara, et yemeklerine, cac\u0131\u011fa, yo\u011furda sar\u0131msak ile lezzet verebilirsiniz.<\/p>\n<p>Sar\u0131msa\u011f\u0131 kullanman\u0131n bir\u00e7ok yolu vard\u0131r. Sar\u0131msa\u011f\u0131 kabu\u011fuyla beraber, f\u0131r\u0131n yemeklerine tat ve aroma vermek i\u00e7in kullanabilir, kabu\u011funu soyup havanda d\u00f6vebilir, tarife g\u00f6re sar\u0131msa\u011f\u0131 rendeleyerek ya da istedi\u011finiz \u015fekilde do\u011frayarak da t\u00fcketebilirsiniz.<\/p>","protected":false},"excerpt":{"rendered":"<p>Sar\u0131msak \u00f6zg\u00fcn tad\u0131 ve kokusu ile T\u00fcrk mutfa\u011f\u0131nda s\u0131kl\u0131kla kullan\u0131l\u0131r. \u00c7i\u011f olarak ya da pi\u015firilerek t\u00fcketilen sar\u0131msak, neredeyse t\u00fcm yemeklerin vazge\u00e7ilmezidir. Y\u00f6resel yemeklere, mezelere, \u00e7orbalara, et yemeklerine, cac\u0131\u011fa, yo\u011furda sar\u0131msak ile lezzet verebilirsiniz. Sar\u0131msa\u011f\u0131 kullanman\u0131n bir\u00e7ok yolu vard\u0131r. Sar\u0131msa\u011f\u0131 kabu\u011fuyla beraber, f\u0131r\u0131n yemeklerine tat ve aroma vermek i\u00e7in kullanabilir, kabu\u011funu soyup havanda d\u00f6vebilir, tarife g\u00f6re [&#8230;]","protected":false},"featured_media":335,"comment_status":"open","ping_status":"closed","template":"","meta":[],"product_cat":[69],"product_tag":[],"class_list":["post-334","product","type-product","status-publish","has-post-thumbnail","hentry","product_cat-urunler","pa_boyut-350gr","pa_boyut-500gr","pa_boyut-1kg","pa_boyut-10kg"],"aioseo_notices":[],"_links":{"self":[{"href":"https:\/\/kastagarlic.com\/en\/wp-json\/wp\/v2\/product\/334","targetHints":{"allow":["GET"]}}],"collection":[{"href":"https:\/\/kastagarlic.com\/en\/wp-json\/wp\/v2\/product"}],"about":[{"href":"https:\/\/kastagarlic.com\/en\/wp-json\/wp\/v2\/types\/product"}],"replies":[{"embeddable":true,"href":"https:\/\/kastagarlic.com\/en\/wp-json\/wp\/v2\/comments?post=334"}],"wp:featuredmedia":[{"embeddable":true,"href":"https:\/\/kastagarlic.com\/en\/wp-json\/wp\/v2\/media\/335"}],"wp:attachment":[{"href":"https:\/\/kastagarlic.com\/en\/wp-json\/wp\/v2\/media?parent=334"}],"wp:term":[{"taxonomy":"product_cat","embeddable":true,"href":"https:\/\/kastagarlic.com\/en\/wp-json\/wp\/v2\/product_cat?post=334"},{"taxonomy":"product_tag","embeddable":true,"href":"https:\/\/kastagarlic.com\/en\/wp-json\/wp\/v2\/product_tag?post=334"}],"curies":[{"name":"wp","href":"https:\/\/api.w.org\/{rel}","templated":true}]}}