
{"id":328,"date":"2022-09-26T10:47:33","date_gmt":"2022-09-26T10:47:33","guid":{"rendered":"https:\/\/kastagarlic.com\/?post_type=product&#038;p=328"},"modified":"2025-05-25T23:02:36","modified_gmt":"2025-05-25T23:02:36","slug":"orgulu-taskopru-sarimsagi","status":"publish","type":"product","link":"https:\/\/kastagarlic.com\/en\/product\/orgulu-taskopru-sarimsagi\/","title":{"rendered":"\u00d6rg\u00fcl\u00fc Ta\u015fk\u00f6pr\u00fc Sar\u0131msa\u011f\u0131"},"content":{"rendered":"<p>Tarlam\u0131zdan \u00e7\u0131kar\u0131lan sar\u0131msaklar temizlenip \u00f6rg\u00fc \u015feklinde s\u00fcslenerek sat\u0131lmaktad\u0131r.<\/p>","protected":false},"excerpt":{"rendered":"<p>Tarlam\u0131zdan \u00e7\u0131kar\u0131lan sar\u0131msaklar temizlenip \u00f6rg\u00fc \u015feklinde s\u00fcslenerek sat\u0131lmaktad\u0131r.<\/p>","protected":false},"featured_media":329,"comment_status":"open","ping_status":"closed","template":"","meta":[],"product_cat":[69],"product_tag":[],"class_list":["post-328","product","type-product","status-publish","has-post-thumbnail","hentry","product_cat-urunler","pa_boyut-350gr","pa_boyut-500gr","pa_boyut-1kg","pa_boyut-10kg"],"aioseo_notices":[],"_links":{"self":[{"href":"https:\/\/kastagarlic.com\/en\/wp-json\/wp\/v2\/product\/328","targetHints":{"allow":["GET"]}}],"collection":[{"href":"https:\/\/kastagarlic.com\/en\/wp-json\/wp\/v2\/product"}],"about":[{"href":"https:\/\/kastagarlic.com\/en\/wp-json\/wp\/v2\/types\/product"}],"replies":[{"embeddable":true,"href":"https:\/\/kastagarlic.com\/en\/wp-json\/wp\/v2\/comments?post=328"}],"wp:featuredmedia":[{"embeddable":true,"href":"https:\/\/kastagarlic.com\/en\/wp-json\/wp\/v2\/media\/329"}],"wp:attachment":[{"href":"https:\/\/kastagarlic.com\/en\/wp-json\/wp\/v2\/media?parent=328"}],"wp:term":[{"taxonomy":"product_cat","embeddable":true,"href":"https:\/\/kastagarlic.com\/en\/wp-json\/wp\/v2\/product_cat?post=328"},{"taxonomy":"product_tag","embeddable":true,"href":"https:\/\/kastagarlic.com\/en\/wp-json\/wp\/v2\/product_tag?post=328"}],"curies":[{"name":"wp","href":"https:\/\/api.w.org\/{rel}","templated":true}]}}