
{"id":322,"date":"2022-09-26T10:45:55","date_gmt":"2022-09-26T10:45:55","guid":{"rendered":"https:\/\/kastagarlic.com\/?post_type=product&#038;p=322"},"modified":"2026-04-06T01:35:24","modified_gmt":"2026-04-06T01:35:24","slug":"siyah-sarimsak-puresi-taskopru","status":"publish","type":"product","link":"https:\/\/kastagarlic.com\/en\/product\/siyah-sarimsak-puresi-taskopru\/","title":{"rendered":"Siyah Sar\u0131msak P\u00fcresi Ta\u015fk\u00f6pr\u00fc"},"content":{"rendered":"<p>Rengiyle ilk kez g\u00f6ren herkesi \u015fa\u015f\u0131rtan siyah sar\u0131msak, uzun y\u0131llard\u0131r Uzak Do\u011fu \u00fclkelerinde kullan\u0131lan, \u00fclkemizde de son y\u0131llarda pop\u00fclerli\u011fi artan bir yiyecek. Beyaz sar\u0131msa\u011f\u0131n \u00f6zel y\u00f6ntemlerle kurutulmas\u0131yla elde edildi\u011fi s\u00f6ylenen siyah sar\u0131msak, beyaz sar\u0131msa\u011fa g\u00f6re \u00e7ok daha kokusuz olmas\u0131yla da kolayca fark\u0131n\u0131 ortaya koyabiliyor. Rengi ve kokusu d\u0131\u015f\u0131nda i\u00e7eri\u011findeki yararl\u0131 maddelerin zenginli\u011fi sayesinde de \u00e7ok\u00e7a tercih ediliyor.<\/p>","protected":false},"excerpt":{"rendered":"<p>Rengiyle ilk kez g\u00f6ren herkesi \u015fa\u015f\u0131rtan siyah sar\u0131msak, uzun y\u0131llard\u0131r Uzak Do\u011fu \u00fclkelerinde kullan\u0131lan, \u00fclkemizde de son y\u0131llarda pop\u00fclerli\u011fi artan bir yiyecek. Beyaz sar\u0131msa\u011f\u0131n \u00f6zel y\u00f6ntemlerle kurutulmas\u0131yla elde edildi\u011fi s\u00f6ylenen siyah sar\u0131msak, beyaz sar\u0131msa\u011fa g\u00f6re \u00e7ok daha kokusuz olmas\u0131yla da kolayca fark\u0131n\u0131 ortaya koyabiliyor. Rengi ve kokusu d\u0131\u015f\u0131nda i\u00e7eri\u011findeki yararl\u0131 maddelerin zenginli\u011fi sayesinde de \u00e7ok\u00e7a [&#8230;]","protected":false},"featured_media":323,"comment_status":"open","ping_status":"closed","template":"","meta":[],"product_cat":[69],"product_tag":[],"class_list":["post-322","product","type-product","status-publish","has-post-thumbnail","hentry","product_cat-urunler","pa_boyut-350gr","pa_boyut-500gr","pa_boyut-1kg","pa_boyut-10kg"],"aioseo_notices":[],"_links":{"self":[{"href":"https:\/\/kastagarlic.com\/en\/wp-json\/wp\/v2\/product\/322","targetHints":{"allow":["GET"]}}],"collection":[{"href":"https:\/\/kastagarlic.com\/en\/wp-json\/wp\/v2\/product"}],"about":[{"href":"https:\/\/kastagarlic.com\/en\/wp-json\/wp\/v2\/types\/product"}],"replies":[{"embeddable":true,"href":"https:\/\/kastagarlic.com\/en\/wp-json\/wp\/v2\/comments?post=322"}],"wp:featuredmedia":[{"embeddable":true,"href":"https:\/\/kastagarlic.com\/en\/wp-json\/wp\/v2\/media\/323"}],"wp:attachment":[{"href":"https:\/\/kastagarlic.com\/en\/wp-json\/wp\/v2\/media?parent=322"}],"wp:term":[{"taxonomy":"product_cat","embeddable":true,"href":"https:\/\/kastagarlic.com\/en\/wp-json\/wp\/v2\/product_cat?post=322"},{"taxonomy":"product_tag","embeddable":true,"href":"https:\/\/kastagarlic.com\/en\/wp-json\/wp\/v2\/product_tag?post=322"}],"curies":[{"name":"wp","href":"https:\/\/api.w.org\/{rel}","templated":true}]}}