
{"id":304,"date":"2022-09-26T10:39:03","date_gmt":"2022-09-26T10:39:03","guid":{"rendered":"https:\/\/kastagarlic.com\/?post_type=product&#038;p=304"},"modified":"2025-07-16T03:45:00","modified_gmt":"2025-07-16T03:45:00","slug":"kestane-balli-sarimsak-taskopru","status":"publish","type":"product","link":"https:\/\/kastagarlic.com\/en\/product\/kestane-balli-sarimsak-taskopru\/","title":{"rendered":"Garlic with Chestnut Honey"},"content":{"rendered":"<p>Sar\u0131msak, hem g\u00fcnl\u00fck diyetin bir par\u00e7as\u0131 olarak hem de hastal\u0131ktan korunma ve tedavide t\u00fcm d\u00fcnyada en yayg\u0131n kullan\u0131lan t\u0131bbi bitkilerin ba\u015f\u0131nda gelmektedir. Sar\u0131msak yemenin faydalar\u0131 herkes\u00e7e bilinir. Yemeklere katt\u0131\u011f\u0131 lezzet ise ayr\u0131 bir \u00f6zelli\u011fidir. Pi\u015firilerek ya da \u00e7i\u011f olarak t\u00fcketilen sar\u0131msak, vazge\u00e7ilemeyen tatlar aras\u0131ndad\u0131r. A, B1 ve C vitaminlerini, selenyum ve \u00e7inko minerallerini i\u00e7erdi\u011fi i\u00e7in \u00e7ok de\u011ferli bir besin maddesidir.<\/p>","protected":false},"excerpt":{"rendered":"<p>Sar\u0131msak, hem g\u00fcnl\u00fck diyetin bir par\u00e7as\u0131 olarak hem de hastal\u0131ktan korunma ve tedavide t\u00fcm d\u00fcnyada en yayg\u0131n kullan\u0131lan t\u0131bbi bitkilerin ba\u015f\u0131nda gelmektedir. Sar\u0131msak yemenin faydalar\u0131 herkes\u00e7e bilinir. Yemeklere katt\u0131\u011f\u0131 lezzet ise ayr\u0131 bir \u00f6zelli\u011fidir. Pi\u015firilerek ya da \u00e7i\u011f olarak t\u00fcketilen sar\u0131msak, vazge\u00e7ilemeyen tatlar aras\u0131ndad\u0131r. A, B1 ve C vitaminlerini, selenyum ve \u00e7inko minerallerini i\u00e7erdi\u011fi i\u00e7in [&#8230;]","protected":false},"featured_media":305,"comment_status":"open","ping_status":"closed","template":"","meta":[],"product_cat":[69],"product_tag":[],"class_list":["post-304","product","type-product","status-publish","has-post-thumbnail","hentry","product_cat-urunler","pa_boyut-350gr","pa_boyut-500gr","pa_boyut-1kg","pa_boyut-10kg"],"aioseo_notices":[],"_links":{"self":[{"href":"https:\/\/kastagarlic.com\/en\/wp-json\/wp\/v2\/product\/304","targetHints":{"allow":["GET"]}}],"collection":[{"href":"https:\/\/kastagarlic.com\/en\/wp-json\/wp\/v2\/product"}],"about":[{"href":"https:\/\/kastagarlic.com\/en\/wp-json\/wp\/v2\/types\/product"}],"replies":[{"embeddable":true,"href":"https:\/\/kastagarlic.com\/en\/wp-json\/wp\/v2\/comments?post=304"}],"wp:featuredmedia":[{"embeddable":true,"href":"https:\/\/kastagarlic.com\/en\/wp-json\/wp\/v2\/media\/305"}],"wp:attachment":[{"href":"https:\/\/kastagarlic.com\/en\/wp-json\/wp\/v2\/media?parent=304"}],"wp:term":[{"taxonomy":"product_cat","embeddable":true,"href":"https:\/\/kastagarlic.com\/en\/wp-json\/wp\/v2\/product_cat?post=304"},{"taxonomy":"product_tag","embeddable":true,"href":"https:\/\/kastagarlic.com\/en\/wp-json\/wp\/v2\/product_tag?post=304"}],"curies":[{"name":"wp","href":"https:\/\/api.w.org\/{rel}","templated":true}]}}