
{"id":298,"date":"2022-09-26T10:36:34","date_gmt":"2022-09-26T10:36:34","guid":{"rendered":"https:\/\/kastagarlic.com\/?post_type=product&#038;p=298"},"modified":"2025-12-06T06:29:18","modified_gmt":"2025-12-06T06:29:18","slug":"sarimsak-tozu-taskopru","status":"publish","type":"product","link":"https:\/\/kastagarlic.com\/en\/product\/sarimsak-tozu-taskopru\/","title":{"rendered":"Garlic Powder Ta\u015fk\u00f6pr\u00fc"},"content":{"rendered":"<p>Sar\u0131msak tozu, sar\u0131msaklar\u0131n kurutulmas\u0131 ve \u00f6\u011f\u00fct\u00fclmesiyle elde edilen bir toz g\u0131da \u00e7e\u015fidini olu\u015fturuyor. Bu i\u015flemde kullan\u0131lan sar\u0131msaklar, G\u00fczel Ada G\u0131da\u2019n\u0131n her daim \u00f6zenli ve do\u011fall\u0131ktan yana se\u00e7imleriyle, mevsiminde yeti\u015fmi\u015f birinci kalite sebzelerden se\u00e7iliyor.<\/p>","protected":false},"excerpt":{"rendered":"<p>Sar\u0131msak tozu, sar\u0131msaklar\u0131n kurutulmas\u0131 ve \u00f6\u011f\u00fct\u00fclmesiyle elde edilen bir toz g\u0131da \u00e7e\u015fidini olu\u015fturuyor. Bu i\u015flemde kullan\u0131lan sar\u0131msaklar, G\u00fczel Ada G\u0131da\u2019n\u0131n her daim \u00f6zenli ve do\u011fall\u0131ktan yana se\u00e7imleriyle, mevsiminde yeti\u015fmi\u015f birinci kalite sebzelerden se\u00e7iliyor.<\/p>","protected":false},"featured_media":299,"comment_status":"open","ping_status":"closed","template":"","meta":[],"product_cat":[69],"product_tag":[],"class_list":["post-298","product","type-product","status-publish","has-post-thumbnail","hentry","product_cat-urunler","pa_boyut-350gr","pa_boyut-500gr","pa_boyut-1kg","pa_boyut-10kg"],"aioseo_notices":[],"_links":{"self":[{"href":"https:\/\/kastagarlic.com\/en\/wp-json\/wp\/v2\/product\/298","targetHints":{"allow":["GET"]}}],"collection":[{"href":"https:\/\/kastagarlic.com\/en\/wp-json\/wp\/v2\/product"}],"about":[{"href":"https:\/\/kastagarlic.com\/en\/wp-json\/wp\/v2\/types\/product"}],"replies":[{"embeddable":true,"href":"https:\/\/kastagarlic.com\/en\/wp-json\/wp\/v2\/comments?post=298"}],"wp:featuredmedia":[{"embeddable":true,"href":"https:\/\/kastagarlic.com\/en\/wp-json\/wp\/v2\/media\/299"}],"wp:attachment":[{"href":"https:\/\/kastagarlic.com\/en\/wp-json\/wp\/v2\/media?parent=298"}],"wp:term":[{"taxonomy":"product_cat","embeddable":true,"href":"https:\/\/kastagarlic.com\/en\/wp-json\/wp\/v2\/product_cat?post=298"},{"taxonomy":"product_tag","embeddable":true,"href":"https:\/\/kastagarlic.com\/en\/wp-json\/wp\/v2\/product_tag?post=298"}],"curies":[{"name":"wp","href":"https:\/\/api.w.org\/{rel}","templated":true}]}}