
{"id":292,"date":"2022-09-26T10:33:31","date_gmt":"2022-09-26T10:33:31","guid":{"rendered":"https:\/\/kastagarlic.com\/?post_type=product&#038;p=292"},"modified":"2025-05-08T02:23:47","modified_gmt":"2025-05-08T02:23:47","slug":"sarimsak-puresi-taskopru","status":"publish","type":"product","link":"https:\/\/kastagarlic.com\/en\/product\/sarimsak-puresi-taskopru\/","title":{"rendered":"Garlic Puree Ta\u015fk\u00f6pr\u00fc"},"content":{"rendered":"<p>G\u00fcn\u00fcm\u00fczde sar\u0131msak, d\u00fcnyan\u0131n bir\u00e7ok yerinde yeti\u015fen ve lezzetli tad\u0131 nedeniyle yemeklerde s\u0131kl\u0131kla kullan\u0131lan pop\u00fcler bir malzemedir. Sar\u0131msak zengin bir vitamin ve mineral kayna\u011f\u0131d\u0131r. Ba\u011f\u0131\u015f\u0131kl\u0131k sistemini g\u00fc\u00e7lendirdi\u011fi bilimsel olarak kan\u0131tlanm\u0131\u015ft\u0131r. \u00d6zellikle so\u011fuk alg\u0131nl\u0131\u011f\u0131 ve grip ka\u015f\u0131 \u00e7ok koruyucudur. \u00c7i\u011f veya pi\u015fmi\u015f olarak t\u00fcketebilir, her t\u00fcrl\u00fc sebze ve et yeme\u011fine konabilir.<\/p>","protected":false},"excerpt":{"rendered":"<p>G\u00fcn\u00fcm\u00fczde sar\u0131msak, d\u00fcnyan\u0131n bir\u00e7ok yerinde yeti\u015fen ve lezzetli tad\u0131 nedeniyle yemeklerde s\u0131kl\u0131kla kullan\u0131lan pop\u00fcler bir malzemedir. Sar\u0131msak zengin bir vitamin ve mineral kayna\u011f\u0131d\u0131r. Ba\u011f\u0131\u015f\u0131kl\u0131k sistemini g\u00fc\u00e7lendirdi\u011fi bilimsel olarak kan\u0131tlanm\u0131\u015ft\u0131r. \u00d6zellikle so\u011fuk alg\u0131nl\u0131\u011f\u0131 ve grip ka\u015f\u0131 \u00e7ok koruyucudur. \u00c7i\u011f veya pi\u015fmi\u015f olarak t\u00fcketebilir, her t\u00fcrl\u00fc sebze ve et yeme\u011fine konabilir.<\/p>","protected":false},"featured_media":293,"comment_status":"open","ping_status":"closed","template":"","meta":[],"product_cat":[69],"product_tag":[],"class_list":["post-292","product","type-product","status-publish","has-post-thumbnail","hentry","product_cat-urunler","pa_boyut-350gr","pa_boyut-500gr","pa_boyut-1kg","pa_boyut-10kg"],"aioseo_notices":[],"_links":{"self":[{"href":"https:\/\/kastagarlic.com\/en\/wp-json\/wp\/v2\/product\/292","targetHints":{"allow":["GET"]}}],"collection":[{"href":"https:\/\/kastagarlic.com\/en\/wp-json\/wp\/v2\/product"}],"about":[{"href":"https:\/\/kastagarlic.com\/en\/wp-json\/wp\/v2\/types\/product"}],"replies":[{"embeddable":true,"href":"https:\/\/kastagarlic.com\/en\/wp-json\/wp\/v2\/comments?post=292"}],"wp:featuredmedia":[{"embeddable":true,"href":"https:\/\/kastagarlic.com\/en\/wp-json\/wp\/v2\/media\/293"}],"wp:attachment":[{"href":"https:\/\/kastagarlic.com\/en\/wp-json\/wp\/v2\/media?parent=292"}],"wp:term":[{"taxonomy":"product_cat","embeddable":true,"href":"https:\/\/kastagarlic.com\/en\/wp-json\/wp\/v2\/product_cat?post=292"},{"taxonomy":"product_tag","embeddable":true,"href":"https:\/\/kastagarlic.com\/en\/wp-json\/wp\/v2\/product_tag?post=292"}],"curies":[{"name":"wp","href":"https:\/\/api.w.org\/{rel}","templated":true}]}}