
{"id":286,"date":"2022-09-26T10:30:43","date_gmt":"2022-09-26T10:30:43","guid":{"rendered":"https:\/\/kastagarlic.com\/?post_type=product&#038;p=286"},"modified":"2025-11-25T04:03:13","modified_gmt":"2025-11-25T04:03:13","slug":"vakumlu-taskopru-sarimsagi","status":"publish","type":"product","link":"https:\/\/kastagarlic.com\/en\/product\/vakumlu-taskopru-sarimsagi\/","title":{"rendered":"Vacuumed Ta\u015fk\u00f6pr\u00fc Garlic"},"content":{"rendered":"<p>Sar\u0131msak \u00e7ok eski tarihlerden bu yana do\u011fal bir antibiyotik olarak kabul edilmektedir. \u0130nsan sa\u011fl\u0131\u011f\u0131 \u00fczerindeki olumlu etkileri ile hem \u00e7i\u011f hem de yemeklerde s\u0131k\u00e7a kullan\u0131m\u0131 tercih edilen sar\u0131msak lezzet a\u00e7\u0131s\u0131ndan da olduk\u00e7a zengindir.<\/p>","protected":false},"excerpt":{"rendered":"<p>Sar\u0131msak \u00e7ok eski tarihlerden bu yana do\u011fal bir antibiyotik olarak kabul edilmektedir. \u0130nsan sa\u011fl\u0131\u011f\u0131 \u00fczerindeki olumlu etkileri ile hem \u00e7i\u011f hem de yemeklerde s\u0131k\u00e7a kullan\u0131m\u0131 tercih edilen sar\u0131msak lezzet a\u00e7\u0131s\u0131ndan da olduk\u00e7a zengindir.<\/p>","protected":false},"featured_media":287,"comment_status":"open","ping_status":"closed","template":"","meta":[],"product_cat":[69],"product_tag":[],"class_list":["post-286","product","type-product","status-publish","has-post-thumbnail","hentry","product_cat-urunler","pa_boyut-350gr","pa_boyut-500gr","pa_boyut-1kg","pa_boyut-10kg"],"aioseo_notices":[],"_links":{"self":[{"href":"https:\/\/kastagarlic.com\/en\/wp-json\/wp\/v2\/product\/286","targetHints":{"allow":["GET"]}}],"collection":[{"href":"https:\/\/kastagarlic.com\/en\/wp-json\/wp\/v2\/product"}],"about":[{"href":"https:\/\/kastagarlic.com\/en\/wp-json\/wp\/v2\/types\/product"}],"replies":[{"embeddable":true,"href":"https:\/\/kastagarlic.com\/en\/wp-json\/wp\/v2\/comments?post=286"}],"wp:featuredmedia":[{"embeddable":true,"href":"https:\/\/kastagarlic.com\/en\/wp-json\/wp\/v2\/media\/287"}],"wp:attachment":[{"href":"https:\/\/kastagarlic.com\/en\/wp-json\/wp\/v2\/media?parent=286"}],"wp:term":[{"taxonomy":"product_cat","embeddable":true,"href":"https:\/\/kastagarlic.com\/en\/wp-json\/wp\/v2\/product_cat?post=286"},{"taxonomy":"product_tag","embeddable":true,"href":"https:\/\/kastagarlic.com\/en\/wp-json\/wp\/v2\/product_tag?post=286"}],"curies":[{"name":"wp","href":"https:\/\/api.w.org\/{rel}","templated":true}]}}