
{"id":278,"date":"2022-09-26T09:48:30","date_gmt":"2022-09-26T09:48:30","guid":{"rendered":"https:\/\/kastagarlic.com\/?post_type=product&#038;p=278"},"modified":"2026-02-07T13:16:52","modified_gmt":"2026-02-07T13:16:52","slug":"dis-kavanoz-sarimsak-taskopru","status":"publish","type":"product","link":"https:\/\/kastagarlic.com\/en\/product\/dis-kavanoz-sarimsak-taskopru\/","title":{"rendered":"Garlic Cloves Jar Ta\u015fk\u00f6pr\u00fc"},"content":{"rendered":"<p>Pek \u00e7ok hastal\u0131\u011fa kar\u015f\u0131 v\u00fccudu korumaya yard\u0131mc\u0131 do\u011fal besinlerden bir tanesi olan sar\u0131msak; sa\u00e7 ve t\u0131rnak sa\u011fl\u0131\u011f\u0131n\u0131n korunmas\u0131, kanserden korunma, kilo kontrol\u00fcn\u00fcn sa\u011flanmas\u0131, kalp ve damar hastal\u0131klar\u0131 ile diyabet gibi kronik hastal\u0131klara kar\u015f\u0131 korunma gibi pek \u00e7ok alanda faydalara sahiptir.<\/p>","protected":false},"excerpt":{"rendered":"<p>Pek \u00e7ok hastal\u0131\u011fa kar\u015f\u0131 v\u00fccudu korumaya yard\u0131mc\u0131 do\u011fal besinlerden bir tanesi olan sar\u0131msak; sa\u00e7 ve t\u0131rnak sa\u011fl\u0131\u011f\u0131n\u0131n korunmas\u0131, kanserden korunma, kilo kontrol\u00fcn\u00fcn sa\u011flanmas\u0131, kalp ve damar hastal\u0131klar\u0131 ile diyabet gibi kronik hastal\u0131klara kar\u015f\u0131 korunma gibi pek \u00e7ok alanda faydalara sahiptir.<\/p>","protected":false},"featured_media":279,"comment_status":"open","ping_status":"closed","template":"","meta":[],"product_cat":[69],"product_tag":[],"class_list":["post-278","product","type-product","status-publish","has-post-thumbnail","hentry","product_cat-urunler","pa_boyut-350gr","pa_boyut-500gr","pa_boyut-1kg","pa_boyut-10kg"],"aioseo_notices":[],"_links":{"self":[{"href":"https:\/\/kastagarlic.com\/en\/wp-json\/wp\/v2\/product\/278","targetHints":{"allow":["GET"]}}],"collection":[{"href":"https:\/\/kastagarlic.com\/en\/wp-json\/wp\/v2\/product"}],"about":[{"href":"https:\/\/kastagarlic.com\/en\/wp-json\/wp\/v2\/types\/product"}],"replies":[{"embeddable":true,"href":"https:\/\/kastagarlic.com\/en\/wp-json\/wp\/v2\/comments?post=278"}],"wp:featuredmedia":[{"embeddable":true,"href":"https:\/\/kastagarlic.com\/en\/wp-json\/wp\/v2\/media\/279"}],"wp:attachment":[{"href":"https:\/\/kastagarlic.com\/en\/wp-json\/wp\/v2\/media?parent=278"}],"wp:term":[{"taxonomy":"product_cat","embeddable":true,"href":"https:\/\/kastagarlic.com\/en\/wp-json\/wp\/v2\/product_cat?post=278"},{"taxonomy":"product_tag","embeddable":true,"href":"https:\/\/kastagarlic.com\/en\/wp-json\/wp\/v2\/product_tag?post=278"}],"curies":[{"name":"wp","href":"https:\/\/api.w.org\/{rel}","templated":true}]}}