
{"id":92,"date":"2013-08-11T19:06:15","date_gmt":"2013-08-11T19:06:15","guid":{"rendered":"http:\/\/localhost:8888\/test\/?page_id=520"},"modified":"2022-10-07T18:34:47","modified_gmt":"2022-10-07T18:34:47","slug":"about","status":"publish","type":"page","link":"https:\/\/kastagarlic.com\/en\/about\/","title":{"rendered":"About Us"},"content":{"rendered":"<section class=\"section dark\" id=\"section_1620868730\">\n\t\t<div class=\"bg section-bg fill bg-fill\" >\n\n\t\t\t\n\t\t\t<div class=\"section-bg-overlay absolute fill\"><\/div>\n\t\t\t\n\n\t\t<\/div>\n\n\t\t\n\n\t\t<div class=\"section-content relative\">\n\t\t\t\n\n\t<div id=\"gap-1231529195\" class=\"gap-element clearfix hide-for-small\" style=\"display:block; height:auto;\">\n\t\t\n<style>\n#gap-1231529195 {\n  padding-top: 150px;\n}\n<\/style>\n\t<\/div>\n\t\n\n\t<div id=\"gap-737575368\" class=\"gap-element clearfix show-for-small\" style=\"display:block; height:auto;\">\n\t\t\n<style>\n#gap-737575368 {\n  padding-top: 100px;\n}\n@media (min-width:550px) {\n  #gap-737575368 {\n    padding-top: 30px;\n  }\n}\n<\/style>\n\t<\/div>\n\t\n\n<div class=\"text-center\"><div class=\"is-divider divider clearfix\" ><\/div><\/div>\n\n<div class=\"row\"  id=\"row-1238768681\">\n\n\n\t<div id=\"col-1273183031\" class=\"col hide-for-small small-12 large-12\"  >\n\t\t\t\t<div class=\"col-inner text-center\"  >\n\t\t\t\n\t\t\t\n\n\t<div id=\"text-4133020496\" class=\"text\">\n\t\t\n\n<h1 class=\"lead\">About Us<\/h1>\n<p class=\"lead\">With our factory, which we have integrated with industry experience, we have adopted the vision to bring natural, additive-free and genuine Ta\u015fk\u00f6pr\u00fc Garlic to you, valuable consumers and businesses, from the field to your table.<\/p>\n<p class=\"lead text-center\">We have entered the sales sector in line with our ever-growing customer portfolio and demand. We continue on our way with people who trust our years of experience. Our vision is to increase the value of Ta\u015fk\u00f6pr\u00fc Garlic, which is a registered product, and export it to the world countries. In this context, it is to contribute to the country's economy and local economy. We carry our pure and genuine products from our factory to your tables.<\/p>\n\t\t\n<style>\n#text-4133020496 {\n  text-align: center;\n}\n<\/style>\n\t<\/div>\n\t\n\n\t\t<\/div>\n\t\t\t\t\n<style>\n#col-1273183031 > .col-inner {\n  padding: 0px 100px 0px 100px;\n}\n<\/style>\n\t<\/div>\n\n\t\n\n\t<div id=\"col-1678357212\" class=\"col show-for-small small-12 large-12\"  >\n\t\t\t\t<div class=\"col-inner\"  >\n\t\t\t\n\t\t\t\n\n\t<div id=\"text-619225190\" class=\"text\">\n\t\t\n\n<h1 class=\"lead\">About Us<\/h1>\n<p class=\"lead\">With our factory, which we have integrated with industry experience, we have adopted the vision to bring natural, additive-free and genuine Ta\u015fk\u00f6pr\u00fc Garlic to you, valuable consumers and businesses, from the field to your table.<\/p>\n<p class=\"lead text-center\">We have entered the sales sector in line with our ever-growing customer portfolio and demand. We continue on our way with people who trust our years of experience. Our vision is to increase the value of Ta\u015fk\u00f6pr\u00fc Garlic, which is a registered product, and export it to the world countries. In this context, it is to contribute to the country's economy and local economy. We carry our pure and genuine products from our factory to your tables.<\/p>\n\t\t\n<style>\n#text-619225190 {\n  font-size: 0.8rem;\n  text-align: center;\n}\n<\/style>\n\t<\/div>\n\t\n\n\t\t<\/div>\n\t\t\t\t\t<\/div>\n\n\t\n\n<\/div>\n\n\t\t<\/div>\n\n\t\t\n<style>\n#section_1620868730 {\n  padding-top: 30px;\n  padding-bottom: 30px;\n  background-color: rgb(40, 40, 40);\n}\n#section_1620868730 .section-bg-overlay {\n  background-color: rgba(0, 0, 0, 0.49);\n}\n#section_1620868730 .section-bg.bg-loaded {\n  background-image: url(https:\/\/kastagarlic.com\/wp-content\/uploads\/2022\/09\/dummy-2-kopya.jpg);\n}\n<\/style>\n\t<\/section>","protected":false},"excerpt":{"rendered":"","protected":false},"author":1,"featured_media":706,"parent":0,"menu_order":0,"comment_status":"closed","ping_status":"closed","template":"page-transparent-header-light.php","meta":{"footnotes":""},"class_list":["post-92","page","type-page","status-publish","has-post-thumbnail","hentry"],"aioseo_notices":[],"_links":{"self":[{"href":"https:\/\/kastagarlic.com\/en\/wp-json\/wp\/v2\/pages\/92","targetHints":{"allow":["GET"]}}],"collection":[{"href":"https:\/\/kastagarlic.com\/en\/wp-json\/wp\/v2\/pages"}],"about":[{"href":"https:\/\/kastagarlic.com\/en\/wp-json\/wp\/v2\/types\/page"}],"author":[{"embeddable":true,"href":"https:\/\/kastagarlic.com\/en\/wp-json\/wp\/v2\/users\/1"}],"replies":[{"embeddable":true,"href":"https:\/\/kastagarlic.com\/en\/wp-json\/wp\/v2\/comments?post=92"}],"version-history":[{"count":28,"href":"https:\/\/kastagarlic.com\/en\/wp-json\/wp\/v2\/pages\/92\/revisions"}],"predecessor-version":[{"id":686,"href":"https:\/\/kastagarlic.com\/en\/wp-json\/wp\/v2\/pages\/92\/revisions\/686"}],"wp:featuredmedia":[{"embeddable":true,"href":"https:\/\/kastagarlic.com\/en\/wp-json\/wp\/v2\/media\/706"}],"wp:attachment":[{"href":"https:\/\/kastagarlic.com\/en\/wp-json\/wp\/v2\/media?parent=92"}],"curies":[{"name":"wp","href":"https:\/\/api.w.org\/{rel}","templated":true}]}}