
{"id":90,"date":"2013-08-11T19:22:53","date_gmt":"2013-08-11T19:22:53","guid":{"rendered":"http:\/\/localhost:8888\/test\/?page_id=532"},"modified":"2022-10-04T12:56:54","modified_gmt":"2022-10-04T12:56:54","slug":"contact","status":"publish","type":"page","link":"https:\/\/kastagarlic.com\/en\/contact\/","title":{"rendered":"Contact Us"},"content":{"rendered":"<div class=\"banner has-hover\" id=\"banner-1089015266\">\n          <div class=\"banner-inner fill\">\n        <div class=\"banner-bg fill\" >\n            <div class=\"bg fill bg-fill\"><\/div>\n                        <div class=\"overlay\"><\/div>            \n                    <\/div>\n\t\t\n        <div class=\"banner-layers container\">\n            <div class=\"fill banner-link\"><\/div>            \n\n   <div id=\"text-box-92669785\" class=\"text-box banner-layer x50 md-x50 lg-x50 y50 md-y50 lg-y50 res-text\">\n                                <div class=\"text-box-content text dark\">\n              \n              <div class=\"text-inner text-center\">\n                  \n\n<h3 class=\"fs-30 fw-700 mb-20\">We are here to help you with anything<\/h3>\n\n              <\/div>\n           <\/div>\n                            \n<style>\n#text-box-92669785 {\n  width: 60%;\n}\n#text-box-92669785 .text-box-content {\n  font-size: 100%;\n}\n@media (min-width:550px) {\n  #text-box-92669785 {\n    width: 60%;\n  }\n}\n<\/style>\n    <\/div>\n \n\n        <\/div>\n      <\/div>\n\n            \n<style>\n#banner-1089015266 {\n  padding-top: 200px;\n  background-color: rgb(63, 63, 63);\n}\n#banner-1089015266 .bg.bg-loaded {\n  background-image: url(https:\/\/kastagarlic.com\/wp-content\/uploads\/2022\/09\/pexels-isabella-mendes-928251-768x509.jpg);\n}\n#banner-1089015266 .overlay {\n  background-color: rgba(0, 0, 0, 0.744);\n}\n#banner-1089015266 .bg {\n  background-position: 54% 41%;\n}\n<\/style>\n  <\/div>\n\n\n\t<div id=\"gap-1822222712\" class=\"gap-element clearfix\" style=\"display:block; height:auto;\">\n\t\t\n<style>\n#gap-1822222712 {\n  padding-top: 70px;\n}\n<\/style>\n\t<\/div>\n\t\n\n<div class=\"row align-center\"  id=\"row-2022528640\">\n\n\n\t<div id=\"col-1353513445\" class=\"col medium-6 small-12 large-6 col-divided\"  >\n\t\t\t\t<div class=\"col-inner text-center\"  >\n\t\t\t\n\t\t\t\n\n\t<div class=\"img has-hover x md-x lg-x y md-y lg-y\" id=\"image_347917806\">\n\t\t<a class=\"\" href=\"https:\/\/kastagarlic.com\/en\/\" >\t\t\t\t\t\t<div class=\"img-inner dark\" >\n\t\t\t<img loading=\"lazy\" decoding=\"async\" width=\"1\" height=\"1\" src=\"https:\/\/kastagarlic.com\/wp-content\/uploads\/2022\/09\/saramkalogo.svg\" class=\"attachment-medium size-medium\" alt=\"\" \/>\t\t\t\t\t\t\n\t\t\t\t\t<\/div>\n\t\t\t\t\t\t<\/a>\t\t\n<style>\n#image_347917806 {\n  width: 50%;\n}\n<\/style>\n\t<\/div>\n\t\n\n<p>We have the leading online garlic store that allows you to purchase any quantity of garlic products.<\/p>\n\n\t\t<\/div>\n\t\t\t\t\t<\/div>\n\n\t\n\n\t<div id=\"col-1725109769\" class=\"col medium-6 large-6\"  >\n\t\t\t\t<div class=\"col-inner text-left\"  >\n\t\t\t\n\t\t\t\n\n<div class=\"container section-title-container\" ><h3 class=\"section-title section-title-normal\"><b><\/b><span class=\"section-title-main\" >CONTACT US<\/span><b><\/b><\/h3><\/div>\n\n\t<div id=\"text-1365051665\" class=\"text\">\n\t\t\n\n<h5 style=\"text-align: left;\"><strong>Karap\u00fcr\u00e7ek K\u00f6y\u00fc Yeni Mevki 1 Nolu Sanayi 2\/1 Ta\u015fk\u00f6pr\u00fc\/Kastamonu<\/strong><\/h5>\n\t\t\n<style>\n#text-1365051665 {\n  text-align: left;\n}\n<\/style>\n\t<\/div>\n\t\n<div class=\"is-divider divider clearfix\" ><\/div>\n\n\t<div id=\"text-3928788925\" class=\"text\">\n\t\t\n\n<p>Service Hours<br>\nMonday \u2013 Saturday<br>\n08:00 \u2013 18:00<\/p>\n<p>GSM: +90 536 037 01 85<\/p>\n\t\t\n<style>\n#text-3928788925 {\n  text-align: left;\n}\n<\/style>\n\t<\/div>\n\t\n<div class=\"social-icons follow-icons full-width text-left\" ><a href=\"https:\/\/facebook.com\" target=\"_blank\" rel=\"noopener noreferrer nofollow\" data-label=\"Facebook\" class=\"icon primary button circle facebook tooltip\" title=\"Follow on Facebook\" aria-label=\"Follow on Facebook\" ><i class=\"icon-facebook\" ><\/i><\/a><a href=\"https:\/\/instagram.com\" target=\"_blank\" rel=\"noopener noreferrer nofollow\" data-label=\"Instagram\" class=\"icon primary button circle instagram tooltip\" title=\"Follow on Instagram\" aria-label=\"Follow on Instagram\" ><i class=\"icon-instagram\" ><\/i><\/a><a href=\"tel: 90 536 037 01 85\" data-label=\"Phone\" target=\"_blank\" rel=\"nofollow\" class=\"icon primary button circle phone tooltip\" title=\"Call us\" aria-label=\"Call us\" ><i class=\"icon-phone\" ><\/i><\/a><a href=\"https:\/\/youtube.com\" data-label=\"YouTube\" target=\"_blank\" rel=\"noopener noreferrer nofollow\" class=\"icon primary button circle youtube tooltip\" title=\"Follow on YouTube\" aria-label=\"Follow on YouTube\" ><i class=\"icon-youtube\" ><\/i><\/a><\/div>\n\n\n\t\t<\/div>\n\t\t\t\t\t<\/div>\n\n\t\n\n<\/div>\n\t<div id=\"gap-2056119730\" class=\"gap-element clearfix\" style=\"display:block; height:auto;\">\n\t\t\n<style>\n#gap-2056119730 {\n  padding-top: 70px;\n}\n<\/style>\n\t<\/div>","protected":false},"excerpt":{"rendered":"","protected":false},"author":1,"featured_media":706,"parent":0,"menu_order":0,"comment_status":"closed","ping_status":"closed","template":"page-blank.php","meta":{"footnotes":""},"class_list":["post-90","page","type-page","status-publish","has-post-thumbnail","hentry"],"aioseo_notices":[],"_links":{"self":[{"href":"https:\/\/kastagarlic.com\/en\/wp-json\/wp\/v2\/pages\/90","targetHints":{"allow":["GET"]}}],"collection":[{"href":"https:\/\/kastagarlic.com\/en\/wp-json\/wp\/v2\/pages"}],"about":[{"href":"https:\/\/kastagarlic.com\/en\/wp-json\/wp\/v2\/types\/page"}],"author":[{"embeddable":true,"href":"https:\/\/kastagarlic.com\/en\/wp-json\/wp\/v2\/users\/1"}],"replies":[{"embeddable":true,"href":"https:\/\/kastagarlic.com\/en\/wp-json\/wp\/v2\/comments?post=90"}],"version-history":[{"count":42,"href":"https:\/\/kastagarlic.com\/en\/wp-json\/wp\/v2\/pages\/90\/revisions"}],"predecessor-version":[{"id":704,"href":"https:\/\/kastagarlic.com\/en\/wp-json\/wp\/v2\/pages\/90\/revisions\/704"}],"wp:featuredmedia":[{"embeddable":true,"href":"https:\/\/kastagarlic.com\/en\/wp-json\/wp\/v2\/media\/706"}],"wp:attachment":[{"href":"https:\/\/kastagarlic.com\/en\/wp-json\/wp\/v2\/media?parent=90"}],"curies":[{"name":"wp","href":"https:\/\/api.w.org\/{rel}","templated":true}]}}